{"id":19,"date":"2025-04-03T14:28:49","date_gmt":"2025-04-03T14:28:49","guid":{"rendered":"https:\/\/deliciashongkong.rkinformatika.online\/?page_id=19"},"modified":"2025-04-10T14:19:37","modified_gmt":"2025-04-10T14:19:37","slug":"inicio","status":"publish","type":"page","link":"https:\/\/deliciashongkong.com\/eu\/","title":{"rendered":"Hasiera"},"content":{"rendered":"<div data-elementor-type=\"wp-post\" data-elementor-id=\"19\" class=\"elementor elementor-19\" data-elementor-post-type=\"page\">\n\t\t\t\t<div class=\"elementor-element elementor-element-3d982f2 e-flex e-con-boxed e-con e-parent\" data-id=\"3d982f2\" data-element_type=\"container\" data-e-type=\"container\" data-settings=\"{&quot;background_background&quot;:&quot;classic&quot;}\">\n\t\t\t\t\t<div class=\"e-con-inner\">\n\t\t\t\t<div class=\"elementor-element elementor-element-d44f843 elementor-widget elementor-widget-heading\" data-id=\"d44f843\" data-element_type=\"widget\" data-e-type=\"widget\" data-widget_type=\"heading.default\">\n\t\t\t\t<div class=\"elementor-widget-container\">\n\t\t\t\t\t<h2 class=\"elementor-heading-title elementor-size-default\">Hong Kong jatetxea \u2013 Benetako zaporeen bidaia.<\/h2>\t\t\t\t<\/div>\n\t\t\t\t<\/div>\n\t\t\t\t\t<\/div>\n\t\t\t\t<\/div>\n\t\t<div class=\"elementor-element elementor-element-279d212 e-flex e-con-boxed e-con e-parent\" data-id=\"279d212\" data-element_type=\"container\" data-e-type=\"container\">\n\t\t\t\t\t<div class=\"e-con-inner\">\n\t\t\t\t<div class=\"elementor-element elementor-element-e573139 elementor-widget elementor-widget-heading\" data-id=\"e573139\" data-element_type=\"widget\" data-e-type=\"widget\" data-widget_type=\"heading.default\">\n\t\t\t\t<div class=\"elementor-widget-container\">\n\t\t\t\t\t<h2 class=\"elementor-heading-title elementor-size-default\">Guri buruz<\/h2>\t\t\t\t<\/div>\n\t\t\t\t<\/div>\n\t\t\t\t<div class=\"elementor-element elementor-element-0155d62 elementor-widget-divider--view-line_icon elementor-view-default elementor-widget-divider--element-align-center elementor-widget elementor-widget-divider\" data-id=\"0155d62\" data-element_type=\"widget\" data-e-type=\"widget\" data-widget_type=\"divider.default\">\n\t\t\t\t<div class=\"elementor-widget-container\">\n\t\t\t\t\t\t\t<div class=\"elementor-divider\">\n\t\t\t<span class=\"elementor-divider-separator\">\n\t\t\t\t\t\t\t<div class=\"elementor-icon elementor-divider__element\">\n\t\t\t\t\t<svg aria-hidden=\"true\" class=\"e-font-icon-svg e-fas-stop-circle\" viewbox=\"0 0 512 512\" xmlns=\"http:\/\/www.w3.org\/2000\/svg\"><path d=\"M256 8C119 8 8 119 8 256s111 248 248 248 248-111 248-248S393 8 256 8zm96 328c0 8.8-7.2 16-16 16H176c-8.8 0-16-7.2-16-16V176c0-8.8 7.2-16 16-16h160c8.8 0 16 7.2 16 16v160z\"><\/path><\/svg><\/div>\n\t\t\t\t\t\t<\/span>\n\t\t<\/div>\n\t\t\t\t\t\t<\/div>\n\t\t\t\t<\/div>\n\t\t\t\t<div class=\"elementor-element elementor-element-4fbedd5 elementor-widget elementor-widget-text-editor\" data-id=\"4fbedd5\" data-element_type=\"widget\" data-e-type=\"widget\" data-widget_type=\"text-editor.default\">\n\t\t\t\t<div class=\"elementor-widget-container\">\n\t\t\t\t\t\t\t\t\t<p class=\"\" data-start=\"113\" data-end=\"397\">Non <strong>Hong Kong jatetxea<\/strong>, Txinako eta Japoniako gastronomia tradizionalaren benetako zaporeak ekartzen ditugu zure mahaira. Galdakaoko bihotzean kokatuta, sukaldaritza esperientzia paregabea eskaintzen espezializatu ginen, antzinako errezetak eta kalitate oneneko osagaiak uztartuz.<\/p><p class=\"\" data-start=\"113\" data-end=\"397\">Gure konpromisoa da pasioz eta dedikazioz prestatutako platerak eskaintzea, teknika tradizionalak errespetatuz eta zerbitzu aparta eskainiz.<\/p>\t\t\t\t\t\t\t\t<\/div>\n\t\t\t\t<\/div>\n\t\t\t\t\t<\/div>\n\t\t\t\t<\/div>\n\t\t<div class=\"elementor-element elementor-element-21dbcda e-flex e-con-boxed elementor-invisible e-con e-parent\" data-id=\"21dbcda\" data-element_type=\"container\" data-e-type=\"container\" data-settings=\"{&quot;background_background&quot;:&quot;classic&quot;,&quot;animation&quot;:&quot;fadeIn&quot;}\">\n\t\t\t\t\t<div class=\"e-con-inner\">\n\t\t<div class=\"elementor-element elementor-element-918b27e e-con-full e-flex elementor-invisible e-con e-child\" data-id=\"918b27e\" data-element_type=\"container\" data-e-type=\"container\" data-settings=\"{&quot;background_background&quot;:&quot;classic&quot;,&quot;animation&quot;:&quot;fadeInUp&quot;}\">\n\t\t\t\t<div class=\"elementor-element elementor-element-2fa3793 elementor-widget elementor-widget-heading\" data-id=\"2fa3793\" data-element_type=\"widget\" data-e-type=\"widget\" data-widget_type=\"heading.default\">\n\t\t\t\t<div class=\"elementor-widget-container\">\n\t\t\t\t\t<h3 class=\"elementor-heading-title elementor-size-default\">Gure sukaldea<\/h3>\t\t\t\t<\/div>\n\t\t\t\t<\/div>\n\t\t\t\t<div class=\"elementor-element elementor-element-726b9b9 elementor-widget elementor-widget-text-editor\" data-id=\"726b9b9\" data-element_type=\"widget\" data-e-type=\"widget\" data-widget_type=\"text-editor.default\">\n\t\t\t\t<div class=\"elementor-widget-container\">\n\t\t\t\t\t\t\t\t\t<p class=\"\" data-start=\"25\" data-end=\"308\">Hong Kong jatetxean, plater bakoitza osagai freskoekin egiten da, eta kontu handiz aukeratzen dira kalitate eta zapore onena bermatzeko. Harro gaude Txinako eta Japoniako espezialitate ugari eskaintzeaz, errezeta bakoitzean tradizioa eta sormena uztartuz.<\/p><p class=\"\" data-start=\"310\" data-end=\"761\">Dim sum delikatu eta usaintsuetatik hasi (partekatzeko bikainak) eta kalitate oneneko arrain freskoekin prestatutako sushi eta sashimira arte, gure karta mokadu bakoitzarekin harritzeko diseinatuta dago. Wok erara salteatutako fideoak, arroz espezializatuak, zopa suspergarriak eta plater txinatar tipikoak ere izango dituzu aukeran, hala nola ahate lakatua, txerri gazi-gozoa eta txahala ostra saltsarekin.<\/p>\t\t\t\t\t\t\t\t<\/div>\n\t\t\t\t<\/div>\n\t\t\t\t<\/div>\n\t\t\t\t\t<\/div>\n\t\t\t\t<\/div>\n\t\t\t\t<\/div>","protected":false},"excerpt":{"rendered":"<p>Restaurante Hong Kong \u2013 Un viaje de sabores aut\u00e9nticos. Sobre Nosotros En Restaurante\u00a0Hong Kong, traemos a tu mesa los sabores aut\u00e9nticos de la gastronom\u00eda tradicional china y japonesa. Ubicados en el coraz\u00f3n de Galdakao, nos especializamos en ofrecer una experiencia culinaria \u00fanica, fusionando recetas ancestrales con ingredientes de la mejor calidad. Nuestro compromiso es brindar [&hellip;]<\/p>\n","protected":false},"author":1,"featured_media":0,"parent":0,"menu_order":0,"comment_status":"closed","ping_status":"closed","template":"elementor_canvas","meta":{"footnotes":""},"class_list":["post-19","page","type-page","status-publish","hentry"],"yoast_head":"<!-- This site is optimized with the Yoast SEO plugin v27.3 - https:\/\/yoast.com\/product\/yoast-seo-wordpress\/ -->\n<title>Inicio - deliciashongkong<\/title>\n<meta name=\"robots\" content=\"index, follow, max-snippet:-1, max-image-preview:large, max-video-preview:-1\" \/>\n<link rel=\"canonical\" href=\"https:\/\/deliciashongkong.com\/eu\/\" \/>\n<meta property=\"og:locale\" content=\"en_US\" \/>\n<meta property=\"og:type\" content=\"article\" \/>\n<meta property=\"og:title\" content=\"Inicio - deliciashongkong\" \/>\n<meta property=\"og:description\" content=\"Restaurante Hong Kong \u2013 Un viaje de sabores aut\u00e9nticos. Sobre Nosotros En Restaurante\u00a0Hong Kong, traemos a tu mesa los sabores aut\u00e9nticos de la gastronom\u00eda tradicional china y japonesa. Ubicados en el coraz\u00f3n de Galdakao, nos especializamos en ofrecer una experiencia culinaria \u00fanica, fusionando recetas ancestrales con ingredientes de la mejor calidad. Nuestro compromiso es brindar [&hellip;]\" \/>\n<meta property=\"og:url\" content=\"https:\/\/deliciashongkong.com\/eu\/\" \/>\n<meta property=\"og:site_name\" content=\"deliciashongkong\" \/>\n<meta property=\"article:modified_time\" content=\"2025-04-10T14:19:37+00:00\" \/>\n<meta name=\"twitter:card\" content=\"summary_large_image\" \/>\n<meta name=\"twitter:label1\" content=\"Est. reading time\" \/>\n\t<meta name=\"twitter:data1\" content=\"1 minutua\" \/>\n<script type=\"application\/ld+json\" class=\"yoast-schema-graph\">{\"@context\":\"https:\\\/\\\/schema.org\",\"@graph\":[{\"@type\":\"WebPage\",\"@id\":\"https:\\\/\\\/deliciashongkong.com\\\/\",\"url\":\"https:\\\/\\\/deliciashongkong.com\\\/\",\"name\":\"Inicio - deliciashongkong\",\"isPartOf\":{\"@id\":\"https:\\\/\\\/deliciashongkong.com\\\/#website\"},\"datePublished\":\"2025-04-03T14:28:49+00:00\",\"dateModified\":\"2025-04-10T14:19:37+00:00\",\"breadcrumb\":{\"@id\":\"https:\\\/\\\/deliciashongkong.com\\\/#breadcrumb\"},\"inLanguage\":\"eu\",\"potentialAction\":[{\"@type\":\"ReadAction\",\"target\":[\"https:\\\/\\\/deliciashongkong.com\\\/\"]}]},{\"@type\":\"BreadcrumbList\",\"@id\":\"https:\\\/\\\/deliciashongkong.com\\\/#breadcrumb\",\"itemListElement\":[{\"@type\":\"ListItem\",\"position\":1,\"name\":\"Portada\",\"item\":\"https:\\\/\\\/deliciashongkong.com\\\/\"},{\"@type\":\"ListItem\",\"position\":2,\"name\":\"Inicio\"}]},{\"@type\":\"WebSite\",\"@id\":\"https:\\\/\\\/deliciashongkong.com\\\/#website\",\"url\":\"https:\\\/\\\/deliciashongkong.com\\\/\",\"name\":\"deliciashongkong\",\"description\":\"comida asiatica\",\"publisher\":{\"@id\":\"https:\\\/\\\/deliciashongkong.com\\\/#organization\"},\"potentialAction\":[{\"@type\":\"SearchAction\",\"target\":{\"@type\":\"EntryPoint\",\"urlTemplate\":\"https:\\\/\\\/deliciashongkong.com\\\/?s={search_term_string}\"},\"query-input\":{\"@type\":\"PropertyValueSpecification\",\"valueRequired\":true,\"valueName\":\"search_term_string\"}}],\"inLanguage\":\"eu\"},{\"@type\":\"Organization\",\"@id\":\"https:\\\/\\\/deliciashongkong.com\\\/#organization\",\"name\":\"deliciashongkong\",\"url\":\"https:\\\/\\\/deliciashongkong.com\\\/\",\"logo\":{\"@type\":\"ImageObject\",\"inLanguage\":\"eu\",\"@id\":\"https:\\\/\\\/deliciashongkong.com\\\/#\\\/schema\\\/logo\\\/image\\\/\",\"url\":\"https:\\\/\\\/deliciashongkong.com\\\/wp-content\\\/uploads\\\/2025\\\/04\\\/cropped-Captura-desde-2025-04-03-16-10-58-Photoroom.png\",\"contentUrl\":\"https:\\\/\\\/deliciashongkong.com\\\/wp-content\\\/uploads\\\/2025\\\/04\\\/cropped-Captura-desde-2025-04-03-16-10-58-Photoroom.png\",\"width\":307,\"height\":87,\"caption\":\"deliciashongkong\"},\"image\":{\"@id\":\"https:\\\/\\\/deliciashongkong.com\\\/#\\\/schema\\\/logo\\\/image\\\/\"}}]}<\/script>\n<!-- \/ Yoast SEO plugin. -->","yoast_head_json":{"title":"Inicio - deliciashongkong","robots":{"index":"index","follow":"follow","max-snippet":"max-snippet:-1","max-image-preview":"max-image-preview:large","max-video-preview":"max-video-preview:-1"},"canonical":"https:\/\/deliciashongkong.com\/eu\/","og_locale":"en_US","og_type":"article","og_title":"Inicio - deliciashongkong","og_description":"Restaurante Hong Kong \u2013 Un viaje de sabores aut\u00e9nticos. Sobre Nosotros En Restaurante\u00a0Hong Kong, traemos a tu mesa los sabores aut\u00e9nticos de la gastronom\u00eda tradicional china y japonesa. Ubicados en el coraz\u00f3n de Galdakao, nos especializamos en ofrecer una experiencia culinaria \u00fanica, fusionando recetas ancestrales con ingredientes de la mejor calidad. Nuestro compromiso es brindar [&hellip;]","og_url":"https:\/\/deliciashongkong.com\/eu\/","og_site_name":"deliciashongkong","article_modified_time":"2025-04-10T14:19:37+00:00","twitter_card":"summary_large_image","twitter_misc":{"Est. reading time":"1 minutua"},"schema":{"@context":"https:\/\/schema.org","@graph":[{"@type":"WebPage","@id":"https:\/\/deliciashongkong.com\/","url":"https:\/\/deliciashongkong.com\/","name":"Inicio - deliciashongkong","isPartOf":{"@id":"https:\/\/deliciashongkong.com\/#website"},"datePublished":"2025-04-03T14:28:49+00:00","dateModified":"2025-04-10T14:19:37+00:00","breadcrumb":{"@id":"https:\/\/deliciashongkong.com\/#breadcrumb"},"inLanguage":"eu","potentialAction":[{"@type":"ReadAction","target":["https:\/\/deliciashongkong.com\/"]}]},{"@type":"BreadcrumbList","@id":"https:\/\/deliciashongkong.com\/#breadcrumb","itemListElement":[{"@type":"ListItem","position":1,"name":"Portada","item":"https:\/\/deliciashongkong.com\/"},{"@type":"ListItem","position":2,"name":"Inicio"}]},{"@type":"WebSite","@id":"https:\/\/deliciashongkong.com\/#website","url":"https:\/\/deliciashongkong.com\/","name":"deliciashongkong","description":"comida asiatica","publisher":{"@id":"https:\/\/deliciashongkong.com\/#organization"},"potentialAction":[{"@type":"SearchAction","target":{"@type":"EntryPoint","urlTemplate":"https:\/\/deliciashongkong.com\/?s={search_term_string}"},"query-input":{"@type":"PropertyValueSpecification","valueRequired":true,"valueName":"search_term_string"}}],"inLanguage":"eu"},{"@type":"Organization","@id":"https:\/\/deliciashongkong.com\/#organization","name":"deliciashongkong","url":"https:\/\/deliciashongkong.com\/","logo":{"@type":"ImageObject","inLanguage":"eu","@id":"https:\/\/deliciashongkong.com\/#\/schema\/logo\/image\/","url":"https:\/\/deliciashongkong.com\/wp-content\/uploads\/2025\/04\/cropped-Captura-desde-2025-04-03-16-10-58-Photoroom.png","contentUrl":"https:\/\/deliciashongkong.com\/wp-content\/uploads\/2025\/04\/cropped-Captura-desde-2025-04-03-16-10-58-Photoroom.png","width":307,"height":87,"caption":"deliciashongkong"},"image":{"@id":"https:\/\/deliciashongkong.com\/#\/schema\/logo\/image\/"}}]}},"_links":{"self":[{"href":"https:\/\/deliciashongkong.com\/eu\/wp-json\/wp\/v2\/pages\/19","targetHints":{"allow":["GET"]}}],"collection":[{"href":"https:\/\/deliciashongkong.com\/eu\/wp-json\/wp\/v2\/pages"}],"about":[{"href":"https:\/\/deliciashongkong.com\/eu\/wp-json\/wp\/v2\/types\/page"}],"author":[{"embeddable":true,"href":"https:\/\/deliciashongkong.com\/eu\/wp-json\/wp\/v2\/users\/1"}],"replies":[{"embeddable":true,"href":"https:\/\/deliciashongkong.com\/eu\/wp-json\/wp\/v2\/comments?post=19"}],"version-history":[{"count":92,"href":"https:\/\/deliciashongkong.com\/eu\/wp-json\/wp\/v2\/pages\/19\/revisions"}],"predecessor-version":[{"id":474,"href":"https:\/\/deliciashongkong.com\/eu\/wp-json\/wp\/v2\/pages\/19\/revisions\/474"}],"wp:attachment":[{"href":"https:\/\/deliciashongkong.com\/eu\/wp-json\/wp\/v2\/media?parent=19"}],"curies":[{"name":"wp","href":"https:\/\/api.w.org\/{rel}","templated":true}]}}